{"id":44,"date":"2024-12-19T07:39:38","date_gmt":"2024-12-19T06:39:38","guid":{"rendered":"https:\/\/main.seekyourdata.com\/?page_id=44"},"modified":"2024-12-22T21:40:23","modified_gmt":"2024-12-22T20:40:23","slug":"data-scientists","status":"publish","type":"page","link":"https:\/\/main.seekyourdata.com\/fr\/data-scientists\/","title":{"rendered":"Data Scientists \u00e0 votre disposition"},"content":{"rendered":"\n<div class=\"wp-block-group alignfull has-global-padding is-layout-constrained wp-container-core-group-is-layout-d89aad35 wp-block-group-is-layout-constrained\" style=\"margin-top:0;margin-bottom:0;padding-top:var(--wp--preset--spacing--50);padding-right:var(--wp--preset--spacing--50);padding-bottom:var(--wp--preset--spacing--50);padding-left:var(--wp--preset--spacing--50)\">\n<div class=\"wp-block-columns alignwide are-vertically-aligned-center is-layout-flex wp-container-core-columns-is-layout-47c06fe3 wp-block-columns-is-layout-flex\">\n<div class=\"wp-block-column is-vertically-aligned-center is-layout-flow wp-block-column-is-layout-flow\" style=\"flex-basis:50%\">\n<h2 class=\"wp-block-heading\" id=\"ameliorez-votre-parcours-architectural-avec-l-application-etudes-architect-1\">Nous <strong>analysons vos donn\u00e9es <\/strong>\u00e9parpill\u00e9es<\/h2>\n\n\n\n<ul style=\"line-height:1.75\" class=\"wp-block-list is-style-checkmark-list\">\n<li>Nous <strong>fouillons <\/strong>vos donn\u00e9es <strong>avec votre permission<\/strong>;<\/li>\n\n\n\n<li>Nous <strong>identifions <\/strong>les <strong>donn\u00e9es pertinentes<\/strong>;<\/li>\n\n\n\n<li><strong>Gouvernez vos donn\u00e9es<\/strong> gr\u00e2ce \u00e0 notre assistance;<\/li>\n\n\n\n<li><strong>Valorisez vos donn\u00e9es<\/strong> avec nos experts <strong>Data Scientist<\/strong>.<\/li>\n<\/ul>\n\n\n\n<div class=\"wp-block-buttons is-layout-flex wp-block-buttons-is-layout-flex\">\n<div class=\"wp-block-button\"><a class=\"wp-block-button__link wp-element-button\" href=\"https:\/\/seekyourdata.com\/fr\/\">Nous d\u00e9couvrir<\/a><\/div>\n\n\n\n<div class=\"wp-block-button is-style-outline is-style-outline--1\"><a class=\"wp-block-button__link wp-element-button\">En apprendre sur la Data<\/a><\/div>\n<\/div>\n<\/div>\n\n\n\n<div class=\"wp-block-column is-vertically-aligned-center is-layout-flow wp-block-column-is-layout-flow\" style=\"flex-basis:50%\">\n<figure class=\"wp-block-image size-full is-style-rounded wp-duotone-duotone-1 is-style-rounded--2\"><img decoding=\"async\" src=\"https:\/\/main.seekyourdata.com\/wp-content\/themes\/twentytwentyfour\/assets\/images\/abstract-geometric-art.webp\" alt=\"\u0152uvre d\u2019art g\u00e9om\u00e9trique abstraite blanche de Dresde, Allemagne\" style=\"aspect-ratio:4\/3;object-fit:cover\"\/><\/figure>\n<\/div>\n<\/div>\n<\/div>\n\n\n\n<div class=\"wp-block-group alignfull has-accent-background-color has-background has-global-padding is-layout-constrained wp-container-core-group-is-layout-d89aad35 wp-block-group-is-layout-constrained\" style=\"margin-top:0;margin-bottom:0;padding-top:var(--wp--preset--spacing--50);padding-right:var(--wp--preset--spacing--50);padding-bottom:var(--wp--preset--spacing--50);padding-left:var(--wp--preset--spacing--50)\">\n<div class=\"wp-block-columns alignwide are-vertically-aligned-center is-layout-flex wp-container-core-columns-is-layout-47c06fe3 wp-block-columns-is-layout-flex\">\n<div class=\"wp-block-column is-vertically-aligned-center is-layout-flow wp-block-column-is-layout-flow\" style=\"flex-basis:50%\">\n<div class=\"wp-block-greenshift-blocks-container gspb_container gspb_container-gsbp-98c6527\" id=\"gspb_container-id-gsbp-98c6527\">\n<figure class=\"wp-block-image size-full is-style-rounded wp-duotone-021b79-dbdfec-4 is-style-rounded--3\"><img decoding=\"async\" src=\"https:\/\/main.seekyourdata.com\/wp-content\/themes\/twentytwentyfour\/assets\/images\/abstract-geometric-art.webp\" alt=\"\u0152uvre d\u2019art g\u00e9om\u00e9trique abstraite blanche de Dresde, Allemagne\" style=\"aspect-ratio:4\/3;object-fit:cover\"\/><\/figure>\n<\/div>\n<\/div>\n\n\n\n<div class=\"wp-block-column is-vertically-aligned-center is-layout-flow wp-block-column-is-layout-flow\" style=\"flex-basis:50%\">\n<h2 class=\"wp-block-heading\" id=\"ameliorez-votre-parcours-architectural-avec-l-application-etudes-architect-1\">Nous <strong>analysons vos donn\u00e9es <\/strong>\u00e9parpill\u00e9es<\/h2>\n\n\n\n<ul style=\"line-height:1.75\" class=\"wp-block-list is-style-checkmark-list\">\n<li>Nous <strong>fouillons <\/strong>vos donn\u00e9es <strong>avec votre permission<\/strong>;<\/li>\n\n\n\n<li>Nous <strong>identifions <\/strong>les <strong>donn\u00e9es pertinentes<\/strong>;<\/li>\n\n\n\n<li><strong>Gouvernez vos donn\u00e9es<\/strong> gr\u00e2ce \u00e0 notre assistance;<\/li>\n\n\n\n<li><strong>Valorisez vos donn\u00e9es<\/strong> avec nos experts <strong>Data Scientist<\/strong>.<\/li>\n<\/ul>\n\n\n\n<div class=\"wp-block-buttons is-layout-flex wp-block-buttons-is-layout-flex\">\n<div class=\"wp-block-button\"><a class=\"wp-block-button__link wp-element-button\" href=\"https:\/\/seekyourdata.com\/fr\/\">Nous d\u00e9couvrir<\/a><\/div>\n\n\n\n<div class=\"wp-block-button is-style-outline is-style-outline--5\"><a class=\"wp-block-button__link wp-element-button\">En apprendre sur la Data<\/a><\/div>\n<\/div>\n<\/div>\n<\/div>\n<\/div>\n\n\n\n<div class=\"wp-block-group alignfull has-contrast-background-color has-background has-global-padding is-layout-constrained wp-container-core-group-is-layout-d89aad35 wp-block-group-is-layout-constrained\" style=\"margin-top:0;margin-bottom:0;padding-top:var(--wp--preset--spacing--50);padding-right:var(--wp--preset--spacing--50);padding-bottom:var(--wp--preset--spacing--50);padding-left:var(--wp--preset--spacing--50)\">\n<div class=\"wp-block-columns alignwide are-vertically-aligned-center is-layout-flex wp-container-core-columns-is-layout-47c06fe3 wp-block-columns-is-layout-flex\">\n<div class=\"wp-block-column is-vertically-aligned-center is-layout-flow wp-block-column-is-layout-flow\" style=\"flex-basis:50%\">\n<h2 class=\"wp-block-heading has-base-2-color has-text-color has-link-color wp-elements-3a9583e237fb78fcd9b605b803244898\" id=\"ameliorez-votre-parcours-architectural-avec-l-application-etudes-architect-1\">Nous <strong>analysons vos donn\u00e9es <\/strong>\u00e9parpill\u00e9es<\/h2>\n\n\n\n<ul style=\"line-height:1.75\" class=\"wp-block-list is-style-checkmark-list has-base-color has-text-color has-link-color wp-elements-0d8b423faf900be5b931b8ae181d5035\">\n<li>Nous <strong>fouillons <\/strong>vos donn\u00e9es <strong>avec votre permission<\/strong>;<\/li>\n\n\n\n<li>Nous <strong>identifions <\/strong>les <strong>donn\u00e9es pertinentes<\/strong>;<\/li>\n\n\n\n<li><strong>Gouvernez vos donn\u00e9es<\/strong> gr\u00e2ce \u00e0 notre assistance;<\/li>\n\n\n\n<li><strong>Valorisez vos donn\u00e9es<\/strong> avec nos experts <strong>Data Scientist<\/strong>.<\/li>\n<\/ul>\n\n\n\n<div class=\"wp-block-buttons is-layout-flex wp-block-buttons-is-layout-flex\">\n<div class=\"wp-block-button\"><a class=\"wp-block-button__link has-contrast-color has-base-2-background-color has-text-color has-background has-link-color wp-element-button\" href=\"https:\/\/seekyourdata.com\/fr\/\">Nous d\u00e9couvrir<\/a><\/div>\n\n\n\n<div class=\"wp-block-button is-style-outline is-style-outline--6\"><a class=\"wp-block-button__link has-accent-color has-text-color has-link-color wp-element-button\">En apprendre sur la Data<\/a><\/div>\n<\/div>\n<\/div>\n\n\n\n<div class=\"wp-block-column is-vertically-aligned-center is-layout-flow wp-block-column-is-layout-flow\" style=\"flex-basis:50%\">\n<figure class=\"wp-block-image size-full is-style-rounded wp-duotone-233b91-ffffff-8 is-style-rounded--7\"><img alt=\"\" loading=\"lazy\" decoding=\"async\" width=\"1024\" height=\"1024\" src=\"https:\/\/main.seekyourdata.com\/wp-content\/uploads\/2024\/12\/0891f02a-4d75-4e47-9009-fcf3613b9b82_0.png\" alt=\"\" class=\"wp-image-25\" style=\"aspect-ratio:4\/3;object-fit:cover\" srcset=\"https:\/\/main.seekyourdata.com\/wp-content\/uploads\/2024\/12\/0891f02a-4d75-4e47-9009-fcf3613b9b82_0.png 1024w, https:\/\/main.seekyourdata.com\/wp-content\/uploads\/2024\/12\/0891f02a-4d75-4e47-9009-fcf3613b9b82_0-768x768.png 768w\" sizes=\"auto, (max-width: 1024px) 100vw, 1024px\" \/><\/figure>\n<\/div>\n<\/div>\n<\/div>\n\n\n\n<div class=\"wp-block-group alignfull has-accent-5-background-color has-background has-global-padding is-layout-constrained wp-container-core-group-is-layout-d89aad35 wp-block-group-is-layout-constrained\" style=\"margin-top:0;margin-bottom:0;padding-top:var(--wp--preset--spacing--50);padding-right:var(--wp--preset--spacing--50);padding-bottom:var(--wp--preset--spacing--50);padding-left:var(--wp--preset--spacing--50)\">\n<div class=\"wp-block-columns alignwide is-layout-flex wp-container-core-columns-is-layout-1da03c2a wp-block-columns-is-layout-flex\">\n<div class=\"wp-block-column is-vertically-aligned-center is-layout-flow wp-block-column-is-layout-flow\" style=\"flex-basis:60%\">\n<figure class=\"wp-block-image size-full is-style-rounded wp-duotone-duotone-1 is-style-rounded--9\"><img decoding=\"async\" src=\"https:\/\/main.seekyourdata.com\/wp-content\/themes\/twentytwentyfour\/assets\/images\/abstract-geometric-art.webp\" alt=\"\u0152uvre d\u2019art g\u00e9om\u00e9trique abstraite blanche de Dresde, Allemagne\" style=\"aspect-ratio:4\/3;object-fit:cover\"\/><\/figure>\n<\/div>\n\n\n\n<div class=\"wp-block-column is-layout-flow wp-block-column-is-layout-flow\" style=\"flex-basis:40%\">\n<h2 class=\"wp-block-heading\" id=\"guider-votre-entreprise-tout-au-long-du-projet-1\">Guider votre entreprise tout au long du projet<\/h2>\n\n\n\n<p>Vivez la fusion de l\u2019imagination et de l\u2019expertise avec \u00c9tudes, le catalyseur des transformations architecturales qui enrichissent le monde qui nous entoure.<\/p>\n\n\n\n<div class=\"wp-block-buttons is-layout-flex wp-block-buttons-is-layout-flex\">\n<div class=\"wp-block-button\"><a class=\"wp-block-button__link wp-element-button\">Nos services<\/a><\/div>\n<\/div>\n<\/div>\n<\/div>\n<\/div>\n\n\n\n<div class=\"wp-block-cover alignfull wp-duotone-rgb4448102-ffb23d-10\" style=\"margin-top:0;padding-top:4vw;padding-right:4vw;padding-bottom:4vw;padding-left:4vw;min-height:50vh;aspect-ratio:unset;\"><span aria-hidden=\"true\" class=\"wp-block-cover__background has-contrast-background-color has-background-dim-80 has-background-dim\"><\/span><img alt=\"\" loading=\"lazy\" decoding=\"async\" width=\"1024\" height=\"1024\" class=\"wp-block-cover__image-background wp-image-25\" alt=\"\" src=\"https:\/\/main.seekyourdata.com\/wp-content\/uploads\/2024\/12\/0891f02a-4d75-4e47-9009-fcf3613b9b82_0.png\" data-object-fit=\"cover\" srcset=\"https:\/\/main.seekyourdata.com\/wp-content\/uploads\/2024\/12\/0891f02a-4d75-4e47-9009-fcf3613b9b82_0.png 1024w, https:\/\/main.seekyourdata.com\/wp-content\/uploads\/2024\/12\/0891f02a-4d75-4e47-9009-fcf3613b9b82_0-768x768.png 768w\" sizes=\"auto, (max-width: 1024px) 100vw, 1024px\" \/><div class=\"wp-block-cover__inner-container is-layout-flow wp-block-cover-is-layout-flow\">\n<div class=\"wp-block-group is-layout-flow wp-container-core-group-is-layout-d6743c7d wp-block-group-is-layout-flow\">\n<p class=\"has-text-align-center has-contrast-3-color has-text-color\" style=\"font-size:clamp(72.137px, 4.509rem + ((1vw - 3.2px) * 9.152), 160px);font-style:normal;font-weight:700;letter-spacing:-2px;line-height:0.9;text-transform:uppercase\">Enjoy<\/p>\n\n\n\n<p class=\"has-text-align-center has-accent-color has-text-color\" style=\"font-size:clamp(72.137px, 4.509rem + ((1vw - 3.2px) * 9.152), 160px);font-style:normal;font-weight:700;letter-spacing:-2px;line-height:0.9;text-transform:uppercase\">20% Off<\/p>\n\n\n\n<div style=\"height:48px\" aria-hidden=\"true\" class=\"wp-block-spacer\"><\/div>\n\n\n\n<div class=\"wp-block-buttons is-content-justification-center is-layout-flex wp-container-core-buttons-is-layout-a89b3969 wp-block-buttons-is-layout-flex\">\n<div class=\"wp-block-button has-custom-font-size is-style-fill\" style=\"font-size:clamp(14px, 0.875rem + ((1vw - 3.2px) * 0.625), 20px);font-style:normal;font-weight:700;letter-spacing:1px;text-transform:uppercase\"><a class=\"wp-block-button__link has-contrast-color has-base-2-background-color has-text-color has-background has-link-color wp-element-button\" style=\"padding-top:32px;padding-right:48px;padding-bottom:32px;padding-left:48px\">Shop Now<\/a><\/div>\n<\/div>\n<\/div>\n<\/div><\/div>\n\n\n\n<div class=\"wp-block-cover alignfull is-light\" style=\"margin-top:0;padding-top:5vw;padding-right:5vw;padding-bottom:5vw;padding-left:5vw\"><span aria-hidden=\"true\" class=\"wp-block-cover__background has-background-dim-100 has-background-dim\" style=\"background-color:#e68b14\"><\/span><div class=\"wp-block-cover__inner-container is-layout-flow wp-block-cover-is-layout-flow\">\n<div class=\"wp-block-group is-layout-flex wp-container-core-group-is-layout-d0921e6e wp-block-group-is-layout-flex\">\n<div class=\"wp-block-group wp-container-content-8eb0bdf3 is-layout-flow wp-container-core-group-is-layout-634f0b9d wp-block-group-is-layout-flow\">\n<p class=\"wp-container-content-aeb25491\" style=\"font-size:clamp(14px, 0.875rem + ((1vw - 3.2px) * 0.313), 17px);font-style:normal;font-weight:300;letter-spacing:0px;line-height:1.4;text-decoration:none;text-transform:none\">Let &#8217;em Roll is an album by American organist Big John Patton recorded in 1965 and released on the Blue Note label.<\/p>\n\n\n\n<div class=\"wp-block-buttons is-layout-flex wp-block-buttons-is-layout-flex\">\n<div class=\"wp-block-button has-custom-font-size\" style=\"font-size:clamp(14px, 0.875rem + ((1vw - 3.2px) * 0.313), 17px);font-style:normal;font-weight:700;letter-spacing:0px;text-decoration:none;text-transform:uppercase\"><a class=\"wp-block-button__link has-white-color has-black-background-color has-text-color has-background wp-element-button\" style=\"border-radius:0px;border-top-style:none;border-top-width:0px;border-right-style:none;border-right-width:0px;border-bottom-style:none;border-bottom-width:0px;border-left-style:none;border-left-width:0px;padding-top:14px;padding-right:36px;padding-bottom:14px;padding-left:36px\">Shop Now<\/a><\/div>\n<\/div>\n<\/div>\n\n\n\n<div class=\"wp-block-group wp-container-content-9cfa9a5a is-layout-flow wp-container-core-group-is-layout-d6743c7d wp-block-group-is-layout-flow\">\n<p class=\"has-text-align-right has-black-color has-text-color\" style=\"font-size:clamp(67.975px, 4.248rem + ((1vw - 3.2px) * 8.336), 148px);font-style:normal;font-weight:700;letter-spacing:-4px;line-height:0.8;text-transform:uppercase\">Let<br>&lsquo;EM<br>Roll<\/p>\n\n\n\n<p class=\"has-text-align-right has-white-color has-text-color\" style=\"font-size:clamp(67.975px, 4.248rem + ((1vw - 3.2px) * 8.336), 148px);font-style:normal;font-weight:700;letter-spacing:-4px;line-height:0.8;text-transform:uppercase\">Big<br>John<br>Patton<\/p>\n<\/div>\n<\/div>\n<\/div><\/div>\n\n\n\n<div class=\"wp-block-cover alignfull has-parallax\" style=\"margin-top:0;margin-bottom:0;padding-top:0;padding-bottom:0;min-height:100vh;aspect-ratio:unset;\"><span aria-hidden=\"true\" class=\"wp-block-cover__background has-background-dim-40 has-background-dim\" style=\"background-color:#000000\"><\/span><div class=\"wp-block-cover__image-background wp-image-310 has-parallax\" style=\"background-position:50% 50%;background-image:url(https:\/\/main.seekyourdata.com\/wp-content\/uploads\/2024\/12\/data-scientist-aa.webp);\"><\/div><div class=\"wp-block-cover__inner-container is-layout-flow wp-block-cover-is-layout-flow\">\n<h2 class=\"wp-block-heading alignwide has-white-color has-text-color\" id=\"overseas-1500-1960-1\" style=\"font-size:clamp(27.894px, 1.743rem + ((1vw - 3.2px) * 2.094), 48px);line-height:1.2\"><strong><em>Overseas:<\/em><\/strong><br><strong><em>1500 \u2014 1960<\/em><\/strong><\/h2>\n\n\n\n<div class=\"wp-block-columns alignwide is-layout-flex wp-container-core-columns-is-layout-28f84493 wp-block-columns-is-layout-flex\">\n<div class=\"wp-block-column is-layout-flow wp-block-column-is-layout-flow\" style=\"flex-basis:60%\">\n<p class=\"has-text-color\" style=\"color:#ffffff\">An exhibition about the different representations of the ocean throughout time, between the sixteenth and the twentieth century. Taking place in our Open Room in <em>Floor 2<\/em>.<\/p>\n\n\n\n<div class=\"wp-block-buttons is-layout-flex wp-block-buttons-is-layout-flex\">\n<div class=\"wp-block-button is-style-outline is-style-outline--11\"><a class=\"wp-block-button__link wp-element-button\">Visit<\/a><\/div>\n<\/div>\n<\/div>\n\n\n\n<div class=\"wp-block-column is-layout-flow wp-block-column-is-layout-flow\"><\/div>\n<\/div>\n<\/div><\/div>\n","protected":false},"excerpt":{"rendered":"<p>Nous analysons vos donn\u00e9es \u00e9parpill\u00e9es Nous analysons vos donn\u00e9es \u00e9parpill\u00e9es Nous analysons vos donn\u00e9es \u00e9parpill\u00e9es Guider votre entreprise tout au long du projet Vivez la fusion de l\u2019imagination et de l\u2019expertise avec \u00c9tudes, le catalyseur des transformations architecturales qui enrichissent le monde qui nous entoure.<\/p>\n","protected":false},"author":2,"featured_media":310,"parent":0,"menu_order":0,"comment_status":"closed","ping_status":"closed","template":"","meta":{"_seopress_robots_primary_cat":"","_seopress_titles_title":"","_seopress_titles_desc":"","_seopress_robots_index":"","_gspb_post_css":".gspb_container-id-gsbp-98c6527{flex-direction:column;box-sizing:border-box}#gspb_container-id-gsbp-98c6527.gspb_container>p:last-of-type{margin-bottom:0}#gspb_container-id-gsbp-98c6527.gspb_container{position:relative}@media (max-width:575.98px){body.gspb-bodyfront #gspb_container-id-gsbp-98c6527.gspb_container{display:none!important}}","footnotes":""},"class_list":["post-44","page","type-page","status-publish","has-post-thumbnail","hentry"],"_links":{"self":[{"href":"https:\/\/main.seekyourdata.com\/fr\/wp-json\/wp\/v2\/pages\/44","targetHints":{"allow":["GET"]}}],"collection":[{"href":"https:\/\/main.seekyourdata.com\/fr\/wp-json\/wp\/v2\/pages"}],"about":[{"href":"https:\/\/main.seekyourdata.com\/fr\/wp-json\/wp\/v2\/types\/page"}],"author":[{"embeddable":true,"href":"https:\/\/main.seekyourdata.com\/fr\/wp-json\/wp\/v2\/users\/2"}],"replies":[{"embeddable":true,"href":"https:\/\/main.seekyourdata.com\/fr\/wp-json\/wp\/v2\/comments?post=44"}],"version-history":[{"count":3,"href":"https:\/\/main.seekyourdata.com\/fr\/wp-json\/wp\/v2\/pages\/44\/revisions"}],"predecessor-version":[{"id":358,"href":"https:\/\/main.seekyourdata.com\/fr\/wp-json\/wp\/v2\/pages\/44\/revisions\/358"}],"wp:featuredmedia":[{"embeddable":true,"href":"https:\/\/main.seekyourdata.com\/fr\/wp-json\/wp\/v2\/media\/310"}],"wp:attachment":[{"href":"https:\/\/main.seekyourdata.com\/fr\/wp-json\/wp\/v2\/media?parent=44"}],"curies":[{"name":"wp","href":"https:\/\/api.w.org\/{rel}","templated":true}]}}